{"id":4435,"date":"2023-07-29T22:41:31","date_gmt":"2023-07-29T22:41:31","guid":{"rendered":"https:\/\/klnpigeon.com\/?post_type=product&#038;p=4435"},"modified":"2025-07-14T16:00:36","modified_gmt":"2025-07-14T16:00:36","slug":"cest-blue-salt-sales-de-bano-antiparasitarias-para-palomas","status":"publish","type":"product","link":"https:\/\/klnpigeon.com\/index.php\/producto\/cest-blue-salt-sales-de-bano-antiparasitarias-para-palomas\/","title":{"rendered":"Cest Blue Salt &#8211; Sales de Ba\u00f1o Antiparasitarias para Palomas"},"content":{"rendered":"<div class=\"module module-text tb_qbdo907\">\n<div class=\"tb_text_wrap\">\n<div class=\"et_pb_module et_pb_text et_pb_text_1 et_pb_text_align_left et_pb_bg_layout_light\">\n<div class=\"et_pb_text_inner\">\n<h3>\u00a1Sales de ba\u00f1o antiparasitarias que huelen fenomenal!<\/h3>\n<p>Blue Salt es una sal de ba\u00f1o \u00fanica y de alta calidad con extractos de plantas a\u00f1adidos (que contienen efectos antiparasitarios) y magnesio (para la relajaci\u00f3n muscular).\u00a0Blue Salt es el producto perfecto para usar durante los calurosos meses de verano cuando las aves viven para ba\u00f1arse, durante la muda y tambi\u00e9n despu\u00e9s del entrenamiento y las carreras.<\/p>\n<h3>Beneficios clave<\/h3>\n<ul>\n<li>Contiene extractos de plantas y magnesio a\u00f1adidos que repelen los par\u00e1sitos externos y ofrecen la m\u00e1xima relajaci\u00f3n muscular.<\/li>\n<li>Perfecto para usar durante los calurosos meses de verano o durante la temporada de muda.<\/li>\n<li>Promueve un plumaje sano y limpio.<\/li>\n<li>Los extractos de plantas naturales a\u00f1aden un olor incre\u00edble.<\/li>\n<li>Desarrollado y probado por colomb\u00f3filos<\/li>\n<li>Fabricado con orgullo en Europa.<\/li>\n<li>Importado<\/li>\n<\/ul>\n<\/div>\n<\/div>\n<\/div>\n<\/div>\n<div class=\"module module-text tb_r9s4908\">\n<div class=\"tb_text_wrap\">\n<div class=\"et_pb_module et_pb_text et_pb_text_1 et_pb_text_align_left et_pb_bg_layout_light\">\n<div class=\"et_pb_text_inner\">\n<div class=\"et_pb_column et_pb_column_4_4 et_pb_column_3 et_pb_css_mix_blend_mode_passthrough et-last-child\">\n<div class=\"et_pb_module et_pb_text et_pb_text_2 et_pb_text_align_left et_pb_bg_layout_light\">\n<div class=\"et_pb_text_inner\">\n<h3>Ingredientes<\/h3>\n<p>Sal, Sulfato de Magnesio, Tintura Antiparasitaria Natural, An\u00eds, Colorante Alimentario<\/p>\n<h3>Administraci\u00f3n<\/h3>\n<p>20 g (1 cucharada colmada) por cada 3 galones de agua<\/p>\n<h3>Tama\u00f1o<\/h3>\n<p>2,2 libras (1 kg) de polvo.<\/p>\n<\/div>\n<\/div>\n<\/div>\n<\/div>\n<\/div>\n<\/div>\n<\/div>\n","protected":false},"excerpt":{"rendered":"<p>\u00a1Sales de ba\u00f1o antiparasitarias que huelen fenomenal! Blue Salt es una sal de ba\u00f1o \u00fanica y de alta calidad con extractos de plantas a\u00f1adidos (que contienen efectos antiparasitarios) y magnesio (para la relajaci\u00f3n muscular).\u00a0Blue Salt es el producto perfecto para usar durante los calurosos meses de verano cuando las aves viven para ba\u00f1arse, durante la<\/p>\n<div class=\"klb-readmore button\"><a class=\"btn link\" href=\"https:\/\/klnpigeon.com\/index.php\/producto\/cest-blue-salt-sales-de-bano-antiparasitarias-para-palomas\/\">Read More <i class=\"klbth-icon-right-arrow\"><\/i><\/a><\/div>\n","protected":false},"featured_media":4436,"comment_status":"open","ping_status":"closed","template":"","meta":[],"product_cat":[117],"product_tag":[],"class_list":{"0":"post-4435","1":"product","2":"type-product","3":"status-publish","4":"has-post-thumbnail","6":"product_cat-cest-pharma","8":"first","9":"instock","10":"shipping-taxable","11":"purchasable","12":"product-type-simple"},"jetpack_sharing_enabled":true,"_links":{"self":[{"href":"https:\/\/klnpigeon.com\/index.php\/wp-json\/wp\/v2\/product\/4435","targetHints":{"allow":["GET"]}}],"collection":[{"href":"https:\/\/klnpigeon.com\/index.php\/wp-json\/wp\/v2\/product"}],"about":[{"href":"https:\/\/klnpigeon.com\/index.php\/wp-json\/wp\/v2\/types\/product"}],"replies":[{"embeddable":true,"href":"https:\/\/klnpigeon.com\/index.php\/wp-json\/wp\/v2\/comments?post=4435"}],"wp:featuredmedia":[{"embeddable":true,"href":"https:\/\/klnpigeon.com\/index.php\/wp-json\/wp\/v2\/media\/4436"}],"wp:attachment":[{"href":"https:\/\/klnpigeon.com\/index.php\/wp-json\/wp\/v2\/media?parent=4435"}],"wp:term":[{"taxonomy":"product_cat","embeddable":true,"href":"https:\/\/klnpigeon.com\/index.php\/wp-json\/wp\/v2\/product_cat?post=4435"},{"taxonomy":"product_tag","embeddable":true,"href":"https:\/\/klnpigeon.com\/index.php\/wp-json\/wp\/v2\/product_tag?post=4435"}],"curies":[{"name":"wp","href":"https:\/\/api.w.org\/{rel}","templated":true}]}}