{"id":4432,"date":"2023-07-29T22:39:35","date_gmt":"2023-07-29T22:39:35","guid":{"rendered":"https:\/\/klnpigeon.com\/?post_type=product&#038;p=4432"},"modified":"2024-09-26T22:47:10","modified_gmt":"2024-09-26T22:47:10","slug":"cest-pharma-aceite-de-ajo-para-palomas","status":"publish","type":"product","link":"https:\/\/klnpigeon.com\/index.php\/producto\/cest-pharma-aceite-de-ajo-para-palomas\/","title":{"rendered":"Cest Pharma Aceite de Ajo para Palomas"},"content":{"rendered":"<h5 class=\"module module-text tb_3unz931\">EL ACEITE DE AJO ES EL ARSENAL SECRETO SIMPLE PERO EFECTIVO DE LOS COLOMB\u00d3FILOS PARA MANTENER A SUS P\u00c1JAROS DESINTOXICADOS Y EN \u00d3PTIMAS CONDICIONES DE SALUD.<\/h5>\n<div class=\"module module-text tb_3unz931\">\n<div class=\"tb_text_wrap\">\n<div class=\"et_pb_module et_pb_text et_pb_text_1 et_pb_text_align_left et_pb_bg_layout_light\">\n<div class=\"et_pb_text_inner\">\n<p>El aceite de ajo Cest para palomas asegura una excelente salud f\u00edsica ayudando a una mejor circulaci\u00f3n sangu\u00ednea y mejorando los sistemas respiratorio y digestivo.\u00a0Para el mantenimiento de rutina, se recomienda que las palomas sean alimentadas con aceite de ajo hasta tres veces por semana, durante todo el a\u00f1o.<\/p>\n<h3>Beneficios clave<\/h3>\n<ul>\n<li>Mejora la circulaci\u00f3n sangu\u00ednea<\/li>\n<li>Ayuda a desintoxicar el sistema, especialmente despu\u00e9s del entrenamiento y la competencia.<\/li>\n<li>Ayuda a mejorar los sistemas respiratorio y digestivo.<\/li>\n<li>100% natural<\/li>\n<li>El uso rutinario ayuda a prevenir enfermedades e infecciones, naturalmente<\/li>\n<li>Fabricado en la Uni\u00f3n Europea<\/li>\n<li>Importado<\/li>\n<\/ul>\n<\/div>\n<\/div>\n<\/div>\n<\/div>\n<div class=\"module module-text tb_7wmi932\">\n<div class=\"tb_text_wrap\">\n<div class=\"et_pb_module et_pb_text et_pb_text_1 et_pb_text_align_left et_pb_bg_layout_light\">\n<div class=\"et_pb_text_inner\">\n<div class=\"et_pb_column et_pb_column_4_4 et_pb_column_3 et_pb_css_mix_blend_mode_passthrough et-last-child\">\n<div class=\"et_pb_module et_pb_text et_pb_text_2 et_pb_text_align_left et_pb_bg_layout_light\">\n<div class=\"et_pb_text_inner\">\n<h3>Ingredientes<\/h3>\n<p>Aceite de ajo<\/p>\n<h3>Instrucciones de dosificaci\u00f3n<\/h3>\n<p>5ml (1 cucharadita) de aceite de ajo para 2.5 lbs de alimento, 2-4 veces por semana.<\/p>\n<p>&nbsp;<\/p>\n<\/div>\n<div class=\"et_pb_text_inner\">Tama\u00f1o<\/div>\n<div class=\"et_pb_text_inner\">Botellas de 500ml (8.5 fl oz) y 500ml (16.9 fl oz)<\/div>\n<\/div>\n<\/div>\n<\/div>\n<\/div>\n<\/div>\n<\/div>\n","protected":false},"excerpt":{"rendered":"<p>EL ACEITE DE AJO ES EL ARSENAL SECRETO SIMPLE PERO EFECTIVO DE LOS COLOMB\u00d3FILOS PARA MANTENER A SUS P\u00c1JAROS DESINTOXICADOS Y EN \u00d3PTIMAS CONDICIONES DE SALUD. El aceite de ajo Cest para palomas asegura una excelente salud f\u00edsica ayudando a una mejor circulaci\u00f3n sangu\u00ednea y mejorando los sistemas respiratorio y digestivo.\u00a0Para el mantenimiento de rutina,<\/p>\n<div class=\"klb-readmore button\"><a class=\"btn link\" href=\"https:\/\/klnpigeon.com\/index.php\/producto\/cest-pharma-aceite-de-ajo-para-palomas\/\">Read More <i class=\"klbth-icon-right-arrow\"><\/i><\/a><\/div>\n","protected":false},"featured_media":4428,"comment_status":"open","ping_status":"closed","template":"","meta":[],"product_cat":[117],"product_tag":[],"class_list":{"0":"post-4432","1":"product","2":"type-product","3":"status-publish","4":"has-post-thumbnail","6":"product_cat-cest-pharma","8":"first","9":"instock","10":"shipping-taxable","11":"purchasable","12":"product-type-variable"},"jetpack_sharing_enabled":true,"_links":{"self":[{"href":"https:\/\/klnpigeon.com\/index.php\/wp-json\/wp\/v2\/product\/4432","targetHints":{"allow":["GET"]}}],"collection":[{"href":"https:\/\/klnpigeon.com\/index.php\/wp-json\/wp\/v2\/product"}],"about":[{"href":"https:\/\/klnpigeon.com\/index.php\/wp-json\/wp\/v2\/types\/product"}],"replies":[{"embeddable":true,"href":"https:\/\/klnpigeon.com\/index.php\/wp-json\/wp\/v2\/comments?post=4432"}],"wp:featuredmedia":[{"embeddable":true,"href":"https:\/\/klnpigeon.com\/index.php\/wp-json\/wp\/v2\/media\/4428"}],"wp:attachment":[{"href":"https:\/\/klnpigeon.com\/index.php\/wp-json\/wp\/v2\/media?parent=4432"}],"wp:term":[{"taxonomy":"product_cat","embeddable":true,"href":"https:\/\/klnpigeon.com\/index.php\/wp-json\/wp\/v2\/product_cat?post=4432"},{"taxonomy":"product_tag","embeddable":true,"href":"https:\/\/klnpigeon.com\/index.php\/wp-json\/wp\/v2\/product_tag?post=4432"}],"curies":[{"name":"wp","href":"https:\/\/api.w.org\/{rel}","templated":true}]}}