{"id":4431,"date":"2023-07-29T22:36:20","date_gmt":"2023-07-29T22:36:20","guid":{"rendered":"https:\/\/klnpigeon.com\/?post_type=product&#038;p=4431"},"modified":"2024-02-23T22:19:38","modified_gmt":"2024-02-23T22:19:38","slug":"cest-pharma-healthy-oil-mezcla-de-9-aceites-para-palomas","status":"publish","type":"product","link":"https:\/\/klnpigeon.com\/index.php\/producto\/cest-pharma-healthy-oil-mezcla-de-9-aceites-para-palomas\/","title":{"rendered":"Cest Pharma Healthy Oil- Mezcla de 9 Aceites para Palomas"},"content":{"rendered":"<div class=\"card__header\">\n<h2 class=\"card__title heading h3\"><span style=\"font-size: 16px;\">Healthy Oil es una mezcla \u00fanica de 9 aceites diferentes que acelera la conversi\u00f3n de grasas en energ\u00eda, asegurando un aporte cal\u00f3rico doble respecto al proporcionado por los carbohidratos. <\/span><span style=\"font-size: 16px;\">Healthy Oil mejora la funci\u00f3n respiratoria y la circulaci\u00f3n sangu\u00ednea durante el vuelo, lo que optimiza la oxigenaci\u00f3n de los tejidos y la eliminaci\u00f3n del di\u00f3xido de carbono.\u00a0<\/span><span style=\"font-size: 16px;\">Es un protector hep\u00e1tico.<\/span><\/h2>\n<\/div>\n<div class=\"card__section\">\n<div class=\"rte text--pull\">\n<div class=\"module module-text tb_o0e494\">\n<div class=\"tb_text_wrap\">\n<div class=\"et_pb_module et_pb_text et_pb_text_1 et_pb_text_align_left et_pb_bg_layout_light\">\n<div class=\"et_pb_text_inner\">\n<p>Adem\u00e1s, Healthy Oil apoya los procesos metab\u00f3licos en el cuerpo, contribuye al mantenimiento del tracto intestinal y fortalece el sistema inmunol\u00f3gico, lo que lleva a una disminuci\u00f3n en la tasa de enfermedades.\u00a0Contiene elementos esenciales, como colina, \u00e1cidos grasos insaturados, vitaminas liposolubles A, D3, E, K que juegan un papel en la prevenci\u00f3n de la fatiga muscular.\u00a0estimula la funci\u00f3n reproductiva, mejorando los resultados de apareamiento.<\/p>\n<\/div>\n<\/div>\n<\/div>\n<\/div>\n<div class=\"module module-text tb_7uc795\">\n<div class=\"tb_text_wrap\">\n<div class=\"et_pb_module et_pb_text et_pb_text_1 et_pb_text_align_left et_pb_bg_layout_light\">\n<div class=\"et_pb_text_inner\">\n<div class=\"et_pb_column et_pb_column_4_4 et_pb_column_3 et_pb_css_mix_blend_mode_passthrough et-last-child\">\n<div class=\"et_pb_module et_pb_text et_pb_text_2 et_pb_text_align_left et_pb_bg_layout_light\">\n<div class=\"et_pb_text_inner\">\n<h3>Ingredientes<\/h3>\n<p>Aceite de cardo, aceite de or\u00e9gano, aceite de ajo, aceite de tomillo, aceite de ehin\u00e1cea, extracto de alcachofa, aceite de eucalipto, aceite de menta, aceite de clavo<\/p>\n<h3>Dosificaci\u00f3n y administraci\u00f3n<\/h3>\n<p><strong>5 ml (1 cucharadita) sobre los granos:<\/strong><br \/>\n<em>Durante la preparaci\u00f3n para las carreras:<\/em>\u00a02 \u2013 4 comidas, asociado a Fly Power (rico en hidratos de carbono, que aumentar\u00e1 la producci\u00f3n de energ\u00eda, proteger\u00e1 el organismo de enfermedades por prop\u00f3leo, beta-glucano y silimarina) .<\/p>\n<p><em>A partir del segundo d\u00eda despu\u00e9s de la carrera:<\/em>\u00a02- 4 comidas, asociado a Protein Plus y Biotics (ambos productos ricos en probi\u00f3ticos para el buen funcionamiento intestinal, prote\u00ednas y elementos con funci\u00f3n reparadora del tejido muscular).<\/p>\n<p><em>Cr\u00eda:<\/em>\u00a03 veces por semana, 14 d\u00edas antes del empadre hasta la puesta de huevos.<\/p>\n<p>&nbsp;<\/p>\n<\/div>\n<h3 class=\"et_pb_text_inner\">Tama\u00f1o<\/h3>\n<div class=\"et_pb_text_inner\">500 ml (1 pinta)<\/div>\n<\/div>\n<\/div>\n<\/div>\n<\/div>\n<\/div>\n<\/div>\n<\/div>\n<\/div>\n","protected":false},"excerpt":{"rendered":"<p>Healthy Oil es una mezcla \u00fanica de 9 aceites diferentes que acelera la conversi\u00f3n de grasas en energ\u00eda, asegurando un aporte cal\u00f3rico doble respecto al proporcionado por los carbohidratos. Healthy Oil mejora la funci\u00f3n respiratoria y la circulaci\u00f3n sangu\u00ednea durante el vuelo, lo que optimiza la oxigenaci\u00f3n de los tejidos y la eliminaci\u00f3n del di\u00f3xido<\/p>\n<div class=\"klb-readmore button\"><a class=\"btn link\" href=\"https:\/\/klnpigeon.com\/index.php\/producto\/cest-pharma-healthy-oil-mezcla-de-9-aceites-para-palomas\/\">Read More <i class=\"klbth-icon-right-arrow\"><\/i><\/a><\/div>\n","protected":false},"featured_media":4426,"comment_status":"open","ping_status":"closed","template":"","meta":[],"product_cat":[117],"product_tag":[],"class_list":{"0":"post-4431","1":"product","2":"type-product","3":"status-publish","4":"has-post-thumbnail","6":"product_cat-cest-pharma","8":"first","9":"instock","10":"shipping-taxable","11":"purchasable","12":"product-type-simple"},"jetpack_sharing_enabled":true,"_links":{"self":[{"href":"https:\/\/klnpigeon.com\/index.php\/wp-json\/wp\/v2\/product\/4431","targetHints":{"allow":["GET"]}}],"collection":[{"href":"https:\/\/klnpigeon.com\/index.php\/wp-json\/wp\/v2\/product"}],"about":[{"href":"https:\/\/klnpigeon.com\/index.php\/wp-json\/wp\/v2\/types\/product"}],"replies":[{"embeddable":true,"href":"https:\/\/klnpigeon.com\/index.php\/wp-json\/wp\/v2\/comments?post=4431"}],"wp:featuredmedia":[{"embeddable":true,"href":"https:\/\/klnpigeon.com\/index.php\/wp-json\/wp\/v2\/media\/4426"}],"wp:attachment":[{"href":"https:\/\/klnpigeon.com\/index.php\/wp-json\/wp\/v2\/media?parent=4431"}],"wp:term":[{"taxonomy":"product_cat","embeddable":true,"href":"https:\/\/klnpigeon.com\/index.php\/wp-json\/wp\/v2\/product_cat?post=4431"},{"taxonomy":"product_tag","embeddable":true,"href":"https:\/\/klnpigeon.com\/index.php\/wp-json\/wp\/v2\/product_tag?post=4431"}],"curies":[{"name":"wp","href":"https:\/\/api.w.org\/{rel}","templated":true}]}}