{"id":4430,"date":"2023-07-29T22:35:07","date_gmt":"2023-07-29T22:35:07","guid":{"rendered":"https:\/\/klnpigeon.com\/?post_type=product&#038;p=4430"},"modified":"2025-09-11T23:50:18","modified_gmt":"2025-09-11T23:50:18","slug":"aceite-de-oregano-para-palomas-de-cest-pharma-combate-las-infecciones-de-forma-natural","status":"publish","type":"product","link":"https:\/\/klnpigeon.com\/index.php\/producto\/aceite-de-oregano-para-palomas-de-cest-pharma-combate-las-infecciones-de-forma-natural\/","title":{"rendered":"Aceite de or\u00e9gano para palomas de Cest Pharma &#8211; Combate las infecciones de forma natural"},"content":{"rendered":"<div class=\"module module-text tb_oqld959\">\n<div class=\"tb_text_wrap\">\n<div class=\"et_pb_module et_pb_text et_pb_text_1 et_pb_text_align_left et_pb_bg_layout_light\">\n<div class=\"et_pb_text_inner\">\n<h5>COMPLEMENTO ALIMENTICIO A BASE DE ACEITES ESENCIALES 100% NATURALES DERIVADOS DE LA HOJA DE OR\u00c9GANO.<\/h5>\n<p>El aceite de or\u00e9gano Cest aumenta la resistencia a las bacterias y mohos desfavorables en todo el sistema digestivo.\u00a0En estudios recientes, se ha demostrado que el aceite de or\u00e9gano act\u00faa como una primera l\u00ednea de defensa contra las infecciones comunes en las aves, al mismo tiempo que lo hace sin la dependencia de la medicaci\u00f3n.<\/p>\n<p>Utilice el aceite de ajo Cest para apoyar la salud de sus palomas antes, durante y despu\u00e9s de los vuelos, as\u00ed como durante las temporadas de reproducci\u00f3n, muda y descanso.\u00a0El aceite de or\u00e9gano se puede administrar durante todo el a\u00f1o.<\/p>\n<h3>Beneficios clave<\/h3>\n<ul>\n<li>Hecho de aceites esenciales 100% naturales.<\/li>\n<li>Ayuda a crear una resistencia natural contra bacterias y moho\/hongos desfavorables en el sistema digestivo.<\/li>\n<li>Ayuda a minimizar la dependencia de los antibi\u00f3ticos, si se usa de forma rutinaria<\/li>\n<li>Se puede usar durante las temporadas de carrera, reproducci\u00f3n y muda.<\/li>\n<li>Seguro de usar en todas las aves.<\/li>\n<li>Hecho en Europa<\/li>\n<li>Importado<\/li>\n<\/ul>\n<\/div>\n<\/div>\n<\/div>\n<\/div>\n<div class=\"module module-text tb_5b79960\">\n<div class=\"tb_text_wrap\">\n<div class=\"et_pb_module et_pb_text et_pb_text_1 et_pb_text_align_left et_pb_bg_layout_light\">\n<div class=\"et_pb_text_inner\">\n<div class=\"et_pb_column et_pb_column_4_4 et_pb_column_3 et_pb_css_mix_blend_mode_passthrough et-last-child\">\n<div class=\"et_pb_module et_pb_text et_pb_text_2 et_pb_text_align_left et_pb_bg_layout_light\">\n<div class=\"et_pb_text_inner\">\n<h3>Ingredientes<\/h3>\n<p>Aceite de soja, aceites esenciales de or\u00e9gano.<br \/>\n0,1 % Ceniza bruta, 97,5 % Grasa bruta, 0,2 % Alb\u00famina bruta, 0,3 % Celulosa bruta, 0,0 % Sodio, 0,0 % Lisina, 0,0 % Metionina, 2 % Humedad.<\/p>\n<h3>Instrucciones<\/h3>\n<p>5 ml (1 cucharadita) por 2,5 libras de alimento durante 3-4 d\u00edas a la semana.\u00a0Lentamente roc\u00ede el aceite sobre el alimento mientras lo mezcla.<\/p>\n<p>Si es necesario, administre 10ml (2 cucharaditas) por 2.5 lbs de alimento durante 4-5 d\u00edas, luego vuelva al uso normal.<\/p>\n<p>Agitar bien antes de usar.<\/p>\n<h3>Tama\u00f1o<\/h3>\n<p>500 ml (16,9 onzas l\u00edquidas)<\/p>\n<\/div>\n<\/div>\n<\/div>\n<\/div>\n<\/div>\n<\/div>\n<\/div>\n","protected":false},"excerpt":{"rendered":"<p>COMPLEMENTO ALIMENTICIO A BASE DE ACEITES ESENCIALES 100% NATURALES DERIVADOS DE LA HOJA DE OR\u00c9GANO. El aceite de or\u00e9gano Cest aumenta la resistencia a las bacterias y mohos desfavorables en todo el sistema digestivo.\u00a0En estudios recientes, se ha demostrado que el aceite de or\u00e9gano act\u00faa como una primera l\u00ednea de defensa contra las infecciones comunes<\/p>\n<div class=\"klb-readmore button\"><a class=\"btn link\" href=\"https:\/\/klnpigeon.com\/index.php\/producto\/aceite-de-oregano-para-palomas-de-cest-pharma-combate-las-infecciones-de-forma-natural\/\">Read More <i class=\"klbth-icon-right-arrow\"><\/i><\/a><\/div>\n","protected":false},"featured_media":4424,"comment_status":"open","ping_status":"closed","template":"","meta":[],"product_cat":[117],"product_tag":[],"class_list":{"0":"post-4430","1":"product","2":"type-product","3":"status-publish","4":"has-post-thumbnail","6":"product_cat-cest-pharma","8":"first","9":"instock","10":"shipping-taxable","11":"purchasable","12":"product-type-simple"},"jetpack_sharing_enabled":true,"_links":{"self":[{"href":"https:\/\/klnpigeon.com\/index.php\/wp-json\/wp\/v2\/product\/4430","targetHints":{"allow":["GET"]}}],"collection":[{"href":"https:\/\/klnpigeon.com\/index.php\/wp-json\/wp\/v2\/product"}],"about":[{"href":"https:\/\/klnpigeon.com\/index.php\/wp-json\/wp\/v2\/types\/product"}],"replies":[{"embeddable":true,"href":"https:\/\/klnpigeon.com\/index.php\/wp-json\/wp\/v2\/comments?post=4430"}],"wp:featuredmedia":[{"embeddable":true,"href":"https:\/\/klnpigeon.com\/index.php\/wp-json\/wp\/v2\/media\/4424"}],"wp:attachment":[{"href":"https:\/\/klnpigeon.com\/index.php\/wp-json\/wp\/v2\/media?parent=4430"}],"wp:term":[{"taxonomy":"product_cat","embeddable":true,"href":"https:\/\/klnpigeon.com\/index.php\/wp-json\/wp\/v2\/product_cat?post=4430"},{"taxonomy":"product_tag","embeddable":true,"href":"https:\/\/klnpigeon.com\/index.php\/wp-json\/wp\/v2\/product_tag?post=4430"}],"curies":[{"name":"wp","href":"https:\/\/api.w.org\/{rel}","templated":true}]}}