{"id":4421,"date":"2023-07-29T22:30:40","date_gmt":"2023-07-29T22:30:40","guid":{"rendered":"https:\/\/klnpigeon.com\/?post_type=product&#038;p=4421"},"modified":"2025-02-09T14:38:41","modified_gmt":"2025-02-09T14:38:41","slug":"cest-moor-active-carbon-liquido-para-pajaros-1l","status":"publish","type":"product","link":"https:\/\/klnpigeon.com\/index.php\/producto\/cest-moor-active-carbon-liquido-para-pajaros-1l\/","title":{"rendered":"Cest Moor Active &#8211; Carb\u00f3n L\u00edquido para P\u00e1jaros &#8211; 1L"},"content":{"rendered":"<div class=\"module module-text tb_m8al356\">\n<div class=\"tb_text_wrap\">\n<div class=\"et_pb_module et_pb_text et_pb_text_1 et_pb_text_align_left et_pb_bg_layout_light\">\n<h5 class=\"et_pb_text_inner\">UN CARB\u00d3N DE TURBA EXCEPCIONALMENTE PURO Y CONCENTRADO EN FORMA L\u00cdQUIDA<\/h5>\n<div class=\"et_pb_text_inner\">\n<p>Moor Active es el \u00fanico carb\u00f3n l\u00edquido de su tipo que es una forma conveniente y efectiva de desintoxicar a sus aves durante per\u00edodos de enfermedad, medicaci\u00f3n prolongada, estr\u00e9s o alto rendimiento.<\/p>\n<p>No m\u00e1s tener que agregar carb\u00f3n granulado a la dieta de su ave, que es dif\u00edcil de encontrar en las tiendas y complicado de manejar.\u00a0La f\u00f3rmula l\u00edquida de Moor Active hace que sea f\u00e1cil de medir y administrar directamente sobre el grano o la comida blanda.<\/p>\n<h3>Beneficios clave<\/h3>\n<ul>\n<li>Est\u00e1 hecho de carb\u00f3n de turba activado.<\/li>\n<li>Se mezcla de manera conveniente y r\u00e1pida con el grano o alimentos blandos.<\/li>\n<li>No m\u00e1s lidiar con carb\u00f3n desordenado y finamente granulado.<\/li>\n<li>Desintoxica el sistema de sus aves despu\u00e9s de recuperarse de una enfermedad, tomar medicamentos durante un per\u00edodo prolongado, estresarse por un viaje o durante per\u00edodos activos como volar.<\/li>\n<li>R\u00e1pidamente mejora y reafirma los excrementos al fortalecer el sistema digestivo.<\/li>\n<li>Formulado y cuidadosamente probado por colomb\u00f3filos<\/li>\n<li>Fabricado en Europa con ingredientes de calidad.<\/li>\n<li>Importado<\/li>\n<\/ul>\n<\/div>\n<\/div>\n<\/div>\n<\/div>\n<div class=\"module module-text tb_jaxi357\">\n<div class=\"tb_text_wrap\">\n<div class=\"et_pb_module et_pb_text et_pb_text_1 et_pb_text_align_left et_pb_bg_layout_light\">\n<div class=\"et_pb_text_inner\">\n<div class=\"et_pb_column et_pb_column_4_4 et_pb_column_3 et_pb_css_mix_blend_mode_passthrough et-last-child\">\n<div class=\"et_pb_module et_pb_text et_pb_text_2 et_pb_text_align_left et_pb_bg_layout_light\">\n<div class=\"et_pb_text_inner\">\n<h3>Ingredientes<\/h3>\n<p>Carb\u00f3n activado de turba<\/p>\n<p><strong>Componentes anal\u00edticos<\/strong><\/p>\n<p>Prote\u00edna bruta 0,6%, fibra bruta 0,1%, extractos libres de azo 2,7%, sodio 0,012%<\/p>\n<h3>Dosificaci\u00f3n y administraci\u00f3n<\/h3>\n<p>1 cucharada (~15 ml) por 2,5 libras de alimento durante 2-3 d\u00edas a la semana.\u00a0Se recomienda administrarlo con\u00a0<a title=\"Suplemento Detox Plus para palomas de Cest Pharma de venta en Birdpal Products.\" href=\"#\" target=\"_blank\" rel=\"noopener\">Detox Plus<\/a>\u00a0.\u00a0Puede administrarse como suplemento de mantenimiento durante todo el a\u00f1o.<\/p>\n<h3>\u00a0Tama\u00f1o<\/h3>\n<\/div>\n<div class=\"et_pb_text_inner\">1L (33,8 onzas l\u00edquidas)<\/div>\n<\/div>\n<\/div>\n<\/div>\n<\/div>\n<\/div>\n<\/div>\n","protected":false},"excerpt":{"rendered":"<p>UN CARB\u00d3N DE TURBA EXCEPCIONALMENTE PURO Y CONCENTRADO EN FORMA L\u00cdQUIDA Moor Active es el \u00fanico carb\u00f3n l\u00edquido de su tipo que es una forma conveniente y efectiva de desintoxicar a sus aves durante per\u00edodos de enfermedad, medicaci\u00f3n prolongada, estr\u00e9s o alto rendimiento. No m\u00e1s tener que agregar carb\u00f3n granulado a la dieta de su<\/p>\n<div class=\"klb-readmore button\"><a class=\"btn link\" href=\"https:\/\/klnpigeon.com\/index.php\/producto\/cest-moor-active-carbon-liquido-para-pajaros-1l\/\">Read More <i class=\"klbth-icon-right-arrow\"><\/i><\/a><\/div>\n","protected":false},"featured_media":4422,"comment_status":"open","ping_status":"closed","template":"","meta":[],"product_cat":[117],"product_tag":[],"class_list":{"0":"post-4421","1":"product","2":"type-product","3":"status-publish","4":"has-post-thumbnail","6":"product_cat-cest-pharma","8":"first","9":"instock","10":"shipping-taxable","11":"purchasable","12":"product-type-simple"},"jetpack_sharing_enabled":true,"_links":{"self":[{"href":"https:\/\/klnpigeon.com\/index.php\/wp-json\/wp\/v2\/product\/4421","targetHints":{"allow":["GET"]}}],"collection":[{"href":"https:\/\/klnpigeon.com\/index.php\/wp-json\/wp\/v2\/product"}],"about":[{"href":"https:\/\/klnpigeon.com\/index.php\/wp-json\/wp\/v2\/types\/product"}],"replies":[{"embeddable":true,"href":"https:\/\/klnpigeon.com\/index.php\/wp-json\/wp\/v2\/comments?post=4421"}],"wp:featuredmedia":[{"embeddable":true,"href":"https:\/\/klnpigeon.com\/index.php\/wp-json\/wp\/v2\/media\/4422"}],"wp:attachment":[{"href":"https:\/\/klnpigeon.com\/index.php\/wp-json\/wp\/v2\/media?parent=4421"}],"wp:term":[{"taxonomy":"product_cat","embeddable":true,"href":"https:\/\/klnpigeon.com\/index.php\/wp-json\/wp\/v2\/product_cat?post=4421"},{"taxonomy":"product_tag","embeddable":true,"href":"https:\/\/klnpigeon.com\/index.php\/wp-json\/wp\/v2\/product_tag?post=4421"}],"curies":[{"name":"wp","href":"https:\/\/api.w.org\/{rel}","templated":true}]}}