{"id":4418,"date":"2023-07-29T22:28:54","date_gmt":"2023-07-29T22:28:54","guid":{"rendered":"https:\/\/klnpigeon.com\/?post_type=product&#038;p=4418"},"modified":"2026-04-30T14:45:48","modified_gmt":"2026-04-30T14:45:48","slug":"cest-pharma-detox-plus-para-palomas","status":"publish","type":"product","link":"https:\/\/klnpigeon.com\/index.php\/producto\/cest-pharma-detox-plus-para-palomas\/","title":{"rendered":"Cest Pharma Detox Plus para Palomas"},"content":{"rendered":"<h5 class=\"module module-text tb_ak9e990\">COMPLEMENTO MINERAL COMPLETO DE ALTA BIODISPONIBILIDAD, CON PROPIEDADES ANTIINFLAMATORIAS, ANTIS\u00c9PTICAS, ANTIMICROBIANAS Y ANTIPARASITARIAS.<\/h5>\n<div class=\"module module-text tb_ak9e990\">\n<div class=\"tb_text_wrap\">\n<div class=\"et_pb_module et_pb_text et_pb_text_1 et_pb_text_align_left et_pb_bg_layout_light\">\n<div class=\"et_pb_text_inner\">\n<p>Detox Plus mejora la digesti\u00f3n aumentando la absorci\u00f3n de nutrientes, desintoxicando el cuerpo, ayudando a eliminar par\u00e1sitos, protegiendo contra la contaminaci\u00f3n con micotoxinas (como la aflatoxina) presentes en los granos de cereales.\u00a0Tambi\u00e9n se recomienda para infecciones respiratorias porque tiene un efecto secante en las membranas mucosas y es un expectorante natural.<\/p>\n<p>Rico en minerales y oligoelementos como calcio, magnesio, potasio, hierro, silicio, azufre, cobalto, sodio, cloro, aluminio, manganeso, cobre, yodo, selenio, cromo, molibdeno, vanadio, rubidio, boro.<\/p>\n<h3>Beneficios clave<\/h3>\n<ul>\n<li>Antiinflamatorio, antimicrobiano y antiparasitario<\/li>\n<li>Combinaci\u00f3n \u00fanica de extractos de arcilla, aceite de ajo y canela.<\/li>\n<li>Alto contenido en alicina (con propiedades antibi\u00f3ticas)<\/li>\n<li>Tiene eficacia comprobada para m\u00e1s de 20 tipos de bacterias.<\/li>\n<li>Contiene ingredientes 100% naturales.<\/li>\n<li>Formulado y probado por colomb\u00f3filos<\/li>\n<li>Hecho en Europa<\/li>\n<li>Importado<\/li>\n<\/ul>\n<\/div>\n<\/div>\n<\/div>\n<\/div>\n<div class=\"module module-text tb_36bn991\">\n<div class=\"tb_text_wrap\">\n<div class=\"et_pb_module et_pb_text et_pb_text_1 et_pb_text_align_left et_pb_bg_layout_light\">\n<div class=\"et_pb_text_inner\">\n<div class=\"et_pb_column et_pb_column_4_4 et_pb_column_3 et_pb_css_mix_blend_mode_passthrough et-last-child\">\n<div class=\"et_pb_module et_pb_text et_pb_text_2 et_pb_text_align_left et_pb_bg_layout_light\">\n<div class=\"et_pb_text_inner\">\n<h3>Ingredientes<\/h3>\n<p>complejo liofilizado de Allium sativum y Cinnamomum zeylanicum, arcilla<\/p>\n<h3>Dosificaci\u00f3n y administraci\u00f3n<\/h3>\n<p>5 g (1 medida) por 2,5 libras de alimento.<\/p>\n<p><strong><em>Reproducci\u00f3n, muda y crianza<\/em><\/strong>\u00a0: use dos veces por semana.<\/p>\n<p><em><strong>Carreras<\/strong>\u00a0<\/em>: usar el d\u00eda 3 y 4 despu\u00e9s de la carrera.\u00a0En \u00e9poca de fr\u00edo, o en caso de enfermedades o por deficiencias nutricionales, administrar en cursos de 21 d\u00edas, con descansos de 7 d\u00edas, requiriendo entre 3 y 7 ciclos.<\/p>\n<p>Precauci\u00f3n: No lo use con medicamentos.<\/p>\n<h3>Tama\u00f1o<\/h3>\n<\/div>\n<div class=\"et_pb_text_inner\">600 g (1,4 onzas) de polvo<\/div>\n<\/div>\n<\/div>\n<\/div>\n<\/div>\n<\/div>\n<\/div>\n","protected":false},"excerpt":{"rendered":"<p>COMPLEMENTO MINERAL COMPLETO DE ALTA BIODISPONIBILIDAD, CON PROPIEDADES ANTIINFLAMATORIAS, ANTIS\u00c9PTICAS, ANTIMICROBIANAS Y ANTIPARASITARIAS. Detox Plus mejora la digesti\u00f3n aumentando la absorci\u00f3n de nutrientes, desintoxicando el cuerpo, ayudando a eliminar par\u00e1sitos, protegiendo contra la contaminaci\u00f3n con micotoxinas (como la aflatoxina) presentes en los granos de cereales.\u00a0Tambi\u00e9n se recomienda para infecciones respiratorias porque tiene un efecto secante<\/p>\n<div class=\"klb-readmore button\"><a class=\"btn link\" href=\"https:\/\/klnpigeon.com\/index.php\/producto\/cest-pharma-detox-plus-para-palomas\/\">Read More <i class=\"klbth-icon-right-arrow\"><\/i><\/a><\/div>\n","protected":false},"featured_media":4419,"comment_status":"open","ping_status":"closed","template":"","meta":[],"product_cat":[117],"product_tag":[],"class_list":{"0":"post-4418","1":"product","2":"type-product","3":"status-publish","4":"has-post-thumbnail","6":"product_cat-cest-pharma","8":"first","9":"instock","10":"shipping-taxable","11":"purchasable","12":"product-type-simple"},"jetpack_sharing_enabled":true,"_links":{"self":[{"href":"https:\/\/klnpigeon.com\/index.php\/wp-json\/wp\/v2\/product\/4418","targetHints":{"allow":["GET"]}}],"collection":[{"href":"https:\/\/klnpigeon.com\/index.php\/wp-json\/wp\/v2\/product"}],"about":[{"href":"https:\/\/klnpigeon.com\/index.php\/wp-json\/wp\/v2\/types\/product"}],"replies":[{"embeddable":true,"href":"https:\/\/klnpigeon.com\/index.php\/wp-json\/wp\/v2\/comments?post=4418"}],"wp:featuredmedia":[{"embeddable":true,"href":"https:\/\/klnpigeon.com\/index.php\/wp-json\/wp\/v2\/media\/4419"}],"wp:attachment":[{"href":"https:\/\/klnpigeon.com\/index.php\/wp-json\/wp\/v2\/media?parent=4418"}],"wp:term":[{"taxonomy":"product_cat","embeddable":true,"href":"https:\/\/klnpigeon.com\/index.php\/wp-json\/wp\/v2\/product_cat?post=4418"},{"taxonomy":"product_tag","embeddable":true,"href":"https:\/\/klnpigeon.com\/index.php\/wp-json\/wp\/v2\/product_tag?post=4418"}],"curies":[{"name":"wp","href":"https:\/\/api.w.org\/{rel}","templated":true}]}}