{"id":4412,"date":"2023-07-29T22:27:06","date_gmt":"2023-07-29T22:27:06","guid":{"rendered":"https:\/\/klnpigeon.com\/?post_type=product&#038;p=4412"},"modified":"2026-01-16T01:20:08","modified_gmt":"2026-01-16T01:20:08","slug":"cest-tricoplus-para-cancro-coccidios-y-hexamitiasis-en-palomas","status":"publish","type":"product","link":"https:\/\/klnpigeon.com\/index.php\/producto\/cest-tricoplus-para-cancro-coccidios-y-hexamitiasis-en-palomas\/","title":{"rendered":"Cest Tricoplus &#8211; Para Cancro, Coccidios y Hexamitiasis en Palomas"},"content":{"rendered":"<div class=\"module module-text tb_6e0h468\">\n<div class=\"tb_text_wrap\">\n<div class=\"et_pb_module et_pb_text et_pb_text_1 et_pb_text_align_left et_pb_bg_layout_light\">\n<div class=\"et_pb_text_inner\">\n<h5>UNA COMBINACI\u00d3N \u00daNICA DE DOS INGREDIENTES ACTIVOS PARA TRATAR CANCROSIS Y COCCIDIOSIS<\/h5>\n<p>Tricoplus, junto con la vitamina B1, es el mejor tratamiento contra la tricomoniasis (chancro), la coccidiosis y la hexamitiasis en las palomas.\u00a0Tricoplus no tiene efectos secundarios ni t\u00f3xicos en el organismo, pudiendo incluso administrarse el d\u00eda del enceste.\u00a0La vitamina B1 asegura un aumento de energ\u00eda adicional y apoya la coordinaci\u00f3n de los m\u00fasculos y los nervios.<\/p>\n<h3>Beneficios clave<\/h3>\n<ul>\n<li>Ayuda en el tratamiento de cancro, coccidiosis y hexamitiasis.<\/li>\n<li>Completamente seguro y suave para el cuerpo.<\/li>\n<li>Contiene vitamina B1, que asegura un impulso adicional de energ\u00eda.<\/li>\n<li>Polvo para mezclar f\u00e1cilmente en agua, ideal para el tratamiento de flocado<\/li>\n<li>Desarrollado y probado por colomb\u00f3filos<\/li>\n<li>Hecho en Europa<\/li>\n<li>Importado<\/li>\n<\/ul>\n<\/div>\n<\/div>\n<\/div>\n<\/div>\n<div class=\"module module-text tb_wjch469\">\n<div class=\"tb_text_wrap\">\n<div class=\"et_pb_module et_pb_text et_pb_text_1 et_pb_text_align_left et_pb_bg_layout_light\">\n<div class=\"et_pb_text_inner\">\n<div class=\"et_pb_column et_pb_column_4_4 et_pb_column_3 et_pb_css_mix_blend_mode_passthrough et-last-child\">\n<div class=\"et_pb_module et_pb_text et_pb_text_2 et_pb_text_align_left et_pb_bg_layout_light\">\n<h3 class=\"et_pb_text_inner\">Ingredientes activos<\/h3>\n<p class=\"et_pb_text_inner\">Ronidazol, Diclazuril, Dextrosa, Vit B1<\/p>\n<h3 class=\"et_pb_text_inner\">Instrucciones de dosificaci\u00f3n<\/h3>\n<p class=\"et_pb_text_inner\">10 g (2 cucharaditas) por 1\/2 gal\u00f3n de agua potable durante 7 d\u00edas consecutivos.\u00a0Cambie el agua diariamente.<\/p>\n<p class=\"et_pb_text_inner\"><strong>Durante la temporada de carreras y reproducci\u00f3n:<\/strong>\u00a0\u00a0administrar Tricoplus 1-3 d\u00edas cada 3 semanas.<\/p>\n<p>&nbsp;<\/p>\n<h3 class=\"et_pb_text_inner\">Tama\u00f1o<\/h3>\n<p class=\"et_pb_text_inner\">10 sobres x 5g y bote de 100 g.\u00a0Polvo.<\/p>\n<\/div>\n<\/div>\n<\/div>\n<\/div>\n<\/div>\n<\/div>\n","protected":false},"excerpt":{"rendered":"<p>UNA COMBINACI\u00d3N \u00daNICA DE DOS INGREDIENTES ACTIVOS PARA TRATAR CANCROSIS Y COCCIDIOSIS Tricoplus, junto con la vitamina B1, es el mejor tratamiento contra la tricomoniasis (chancro), la coccidiosis y la hexamitiasis en las palomas.\u00a0Tricoplus no tiene efectos secundarios ni t\u00f3xicos en el organismo, pudiendo incluso administrarse el d\u00eda del enceste.\u00a0La vitamina B1 asegura un aumento<\/p>\n<div class=\"klb-readmore button\"><a class=\"btn link\" href=\"https:\/\/klnpigeon.com\/index.php\/producto\/cest-tricoplus-para-cancro-coccidios-y-hexamitiasis-en-palomas\/\">Read More <i class=\"klbth-icon-right-arrow\"><\/i><\/a><\/div>\n","protected":false},"featured_media":4415,"comment_status":"open","ping_status":"closed","template":"","meta":[],"product_cat":[117],"product_tag":[],"class_list":{"0":"post-4412","1":"product","2":"type-product","3":"status-publish","4":"has-post-thumbnail","6":"product_cat-cest-pharma","8":"first","9":"instock","10":"shipping-taxable","11":"purchasable","12":"product-type-simple"},"jetpack_sharing_enabled":true,"_links":{"self":[{"href":"https:\/\/klnpigeon.com\/index.php\/wp-json\/wp\/v2\/product\/4412","targetHints":{"allow":["GET"]}}],"collection":[{"href":"https:\/\/klnpigeon.com\/index.php\/wp-json\/wp\/v2\/product"}],"about":[{"href":"https:\/\/klnpigeon.com\/index.php\/wp-json\/wp\/v2\/types\/product"}],"replies":[{"embeddable":true,"href":"https:\/\/klnpigeon.com\/index.php\/wp-json\/wp\/v2\/comments?post=4412"}],"wp:featuredmedia":[{"embeddable":true,"href":"https:\/\/klnpigeon.com\/index.php\/wp-json\/wp\/v2\/media\/4415"}],"wp:attachment":[{"href":"https:\/\/klnpigeon.com\/index.php\/wp-json\/wp\/v2\/media?parent=4412"}],"wp:term":[{"taxonomy":"product_cat","embeddable":true,"href":"https:\/\/klnpigeon.com\/index.php\/wp-json\/wp\/v2\/product_cat?post=4412"},{"taxonomy":"product_tag","embeddable":true,"href":"https:\/\/klnpigeon.com\/index.php\/wp-json\/wp\/v2\/product_tag?post=4412"}],"curies":[{"name":"wp","href":"https:\/\/api.w.org\/{rel}","templated":true}]}}