{"id":4410,"date":"2023-07-29T22:24:17","date_gmt":"2023-07-29T22:24:17","guid":{"rendered":"https:\/\/klnpigeon.com\/?post_type=product&#038;p=4410"},"modified":"2026-03-24T17:00:15","modified_gmt":"2026-03-24T17:00:15","slug":"cest-ronidazol-10-tratamiento-cancro-para-palomas","status":"publish","type":"product","link":"https:\/\/klnpigeon.com\/index.php\/producto\/cest-ronidazol-10-tratamiento-cancro-para-palomas\/","title":{"rendered":"Cest Ronidazol 10% &#8211; Tratamiento Cancro para Palomas"},"content":{"rendered":"<h5>UN TRATAMIENTO SEGURO Y EFICAZ CONTRA EL CANCRO PARA AVES J\u00d3VENES Y ADULTAS<\/h5>\n<p>Cest Pharma Ronidazole 10% est\u00e1 indicado para el tratamiento y la prevenci\u00f3n de la tricomoniasis (chancro) causada por protozoos sensibles al ronidazol en palomas de carrera, rusas y de exhibici\u00f3n.<\/p>\n<p>Seguro de usar en aves adultas con aves j\u00f3venes en el nido durante la temporada de reproducci\u00f3n ya que no causa da\u00f1o a los nervios.\u00a0Formulado por veterinarios y probado por colomb\u00f3filos.\u00a0Fabricado en Europa.<\/p>\n<h3>Ingrediente activo<\/h3>\n<p>Ronidazol 10%<\/p>\n<h3>Dosificaci\u00f3n y administraci\u00f3n<\/h3>\n<p>5 gramos (1 cucharadita) por 1\/2 gal\u00f3n de agua potable durante 7 d\u00edas consecutivos.<\/p>\n<p><em>Advertencias<\/em><\/p>\n<ul>\n<li>No utilizar en caso de sensibilidad conocida a la sustancia.<\/li>\n<li>No utilizar durante la temporada de muda.<\/li>\n<\/ul>\n<p><span style=\"color: #ff0000;\">* Descargo de responsabilidad: este producto es solo para aves de compa\u00f1\u00eda.\u00a0No para animales cuya carne o huevos se destinen al consumo humano*<\/span><\/p>\n<h3>\u00a0Tama\u00f1o<\/h3>\n<p>100 g (3,5 oz) de polvo en un recipiente de pl\u00e1stico.<\/p>\n","protected":false},"excerpt":{"rendered":"<p>UN TRATAMIENTO SEGURO Y EFICAZ CONTRA EL CANCRO PARA AVES J\u00d3VENES Y ADULTAS Cest Pharma Ronidazole 10% est\u00e1 indicado para el tratamiento y la prevenci\u00f3n de la tricomoniasis (chancro) causada por protozoos sensibles al ronidazol en palomas de carrera, rusas y de exhibici\u00f3n. Seguro de usar en aves adultas con aves j\u00f3venes en el nido<\/p>\n<div class=\"klb-readmore button\"><a class=\"btn link\" href=\"https:\/\/klnpigeon.com\/index.php\/producto\/cest-ronidazol-10-tratamiento-cancro-para-palomas\/\">Read More <i class=\"klbth-icon-right-arrow\"><\/i><\/a><\/div>\n","protected":false},"featured_media":4411,"comment_status":"open","ping_status":"closed","template":"","meta":[],"product_cat":[117],"product_tag":[],"class_list":{"0":"post-4410","1":"product","2":"type-product","3":"status-publish","4":"has-post-thumbnail","6":"product_cat-cest-pharma","8":"first","9":"instock","10":"shipping-taxable","11":"purchasable","12":"product-type-simple"},"jetpack_sharing_enabled":true,"_links":{"self":[{"href":"https:\/\/klnpigeon.com\/index.php\/wp-json\/wp\/v2\/product\/4410","targetHints":{"allow":["GET"]}}],"collection":[{"href":"https:\/\/klnpigeon.com\/index.php\/wp-json\/wp\/v2\/product"}],"about":[{"href":"https:\/\/klnpigeon.com\/index.php\/wp-json\/wp\/v2\/types\/product"}],"replies":[{"embeddable":true,"href":"https:\/\/klnpigeon.com\/index.php\/wp-json\/wp\/v2\/comments?post=4410"}],"wp:featuredmedia":[{"embeddable":true,"href":"https:\/\/klnpigeon.com\/index.php\/wp-json\/wp\/v2\/media\/4411"}],"wp:attachment":[{"href":"https:\/\/klnpigeon.com\/index.php\/wp-json\/wp\/v2\/media?parent=4410"}],"wp:term":[{"taxonomy":"product_cat","embeddable":true,"href":"https:\/\/klnpigeon.com\/index.php\/wp-json\/wp\/v2\/product_cat?post=4410"},{"taxonomy":"product_tag","embeddable":true,"href":"https:\/\/klnpigeon.com\/index.php\/wp-json\/wp\/v2\/product_tag?post=4410"}],"curies":[{"name":"wp","href":"https:\/\/api.w.org\/{rel}","templated":true}]}}