{"id":4408,"date":"2023-07-29T22:22:56","date_gmt":"2023-07-29T22:22:56","guid":{"rendered":"https:\/\/klnpigeon.com\/?post_type=product&#038;p=4408"},"modified":"2023-08-01T04:33:53","modified_gmt":"2023-08-01T04:33:53","slug":"cestamicin-plus-con-vitaminas-tratamiento-de-multiples-enfermedades-para-palomas","status":"publish","type":"product","link":"https:\/\/klnpigeon.com\/index.php\/producto\/cestamicin-plus-con-vitaminas-tratamiento-de-multiples-enfermedades-para-palomas\/","title":{"rendered":"Cestamicin Plus con vitaminas &#8211; Tratamiento de m\u00faltiples enfermedades para palomas"},"content":{"rendered":"<h5>PARA LOS S\u00cdNTOMAS DE COCCIDIOSIS, ENFERMEDAD DE LOS P\u00c1JAROS J\u00d3VENES, E-COLI, SALMONELLA Y OTRAS BACTERIAS SENSIBLES A LA TRIMETOPRIMA Y LA SULFADIAZINA.<\/h5>\n<p>Cestamicin Plus es un tratamiento para m\u00faltiples enfermedades dise\u00f1ado para palomas de exhibici\u00f3n, rusas y de carreras, particularmente aquellas que est\u00e1n activas durante la competencia.\u00a0Su poderosa combinaci\u00f3n de ingredientes hace que Cestamicin Plus sea ideal despu\u00e9s del entrenamiento, las carreras o despu\u00e9s de regresar de un espect\u00e1culo.\u00a0Las vitaminas A, C, B1, B6 y K3 a\u00f1adidas permiten una mejor absorci\u00f3n y una recuperaci\u00f3n m\u00e1s r\u00e1pida.<\/p>\n<h3>Beneficios clave<\/h3>\n<ul>\n<li>Contiene trimetoprima y sulfadiazina, que juntas ayudan con una amplia variedad de s\u00edntomas.<\/li>\n<li>Ideal para usar cuando se experimenta la enfermedad de los p\u00e1jaros j\u00f3venes.<\/li>\n<li>Las vitaminas A, C, B1, B6 y K3 ayudan con la absorci\u00f3n y una recuperaci\u00f3n m\u00e1s r\u00e1pida<\/li>\n<li>Seguro de usar en aves j\u00f3venes de m\u00e1s de 4 semanas.<\/li>\n<li>El polvo se mezcla f\u00e1cilmente en agua potable, ideal para el tratamiento de parvadas<\/li>\n<li>Formulado y fabricado en la Uni\u00f3n Europea<\/li>\n<li>Importado<\/li>\n<\/ul>\n<h3>Ingredientes activos<\/h3>\n<ul>\n<li>trimetoprima<\/li>\n<li>Sulfadiazina<\/li>\n<\/ul>\n<h3>Dosis e Instrucciones<\/h3>\n<p>10 gramos (2 cucharaditas) por 1\/2 gal\u00f3n de agua potable durante 5 a 7 d\u00edas consecutivos.\u00a0Cambie el agua diariamente.<\/p>\n<h3>Tama\u00f1o<\/h3>\n<p>100 g (3,5 onzas) de polvo<\/p>\n","protected":false},"excerpt":{"rendered":"<p>PARA LOS S\u00cdNTOMAS DE COCCIDIOSIS, ENFERMEDAD DE LOS P\u00c1JAROS J\u00d3VENES, E-COLI, SALMONELLA Y OTRAS BACTERIAS SENSIBLES A LA TRIMETOPRIMA Y LA SULFADIAZINA. Cestamicin Plus es un tratamiento para m\u00faltiples enfermedades dise\u00f1ado para palomas de exhibici\u00f3n, rusas y de carreras, particularmente aquellas que est\u00e1n activas durante la competencia.\u00a0Su poderosa combinaci\u00f3n de ingredientes hace que Cestamicin Plus<\/p>\n<div class=\"klb-readmore button\"><a class=\"btn link\" href=\"https:\/\/klnpigeon.com\/index.php\/producto\/cestamicin-plus-con-vitaminas-tratamiento-de-multiples-enfermedades-para-palomas\/\">Read More <i class=\"klbth-icon-right-arrow\"><\/i><\/a><\/div>\n","protected":false},"featured_media":4409,"comment_status":"open","ping_status":"closed","template":"","meta":[],"product_cat":[117],"product_tag":[],"class_list":{"0":"post-4408","1":"product","2":"type-product","3":"status-publish","4":"has-post-thumbnail","6":"product_cat-cest-pharma","8":"first","9":"instock","10":"shipping-taxable","11":"purchasable","12":"product-type-simple"},"jetpack_sharing_enabled":true,"_links":{"self":[{"href":"https:\/\/klnpigeon.com\/index.php\/wp-json\/wp\/v2\/product\/4408","targetHints":{"allow":["GET"]}}],"collection":[{"href":"https:\/\/klnpigeon.com\/index.php\/wp-json\/wp\/v2\/product"}],"about":[{"href":"https:\/\/klnpigeon.com\/index.php\/wp-json\/wp\/v2\/types\/product"}],"replies":[{"embeddable":true,"href":"https:\/\/klnpigeon.com\/index.php\/wp-json\/wp\/v2\/comments?post=4408"}],"wp:featuredmedia":[{"embeddable":true,"href":"https:\/\/klnpigeon.com\/index.php\/wp-json\/wp\/v2\/media\/4409"}],"wp:attachment":[{"href":"https:\/\/klnpigeon.com\/index.php\/wp-json\/wp\/v2\/media?parent=4408"}],"wp:term":[{"taxonomy":"product_cat","embeddable":true,"href":"https:\/\/klnpigeon.com\/index.php\/wp-json\/wp\/v2\/product_cat?post=4408"},{"taxonomy":"product_tag","embeddable":true,"href":"https:\/\/klnpigeon.com\/index.php\/wp-json\/wp\/v2\/product_tag?post=4408"}],"curies":[{"name":"wp","href":"https:\/\/api.w.org\/{rel}","templated":true}]}}