{"id":4406,"date":"2023-07-29T22:20:44","date_gmt":"2023-07-29T22:20:44","guid":{"rendered":"https:\/\/klnpigeon.com\/?post_type=product&#038;p=4406"},"modified":"2026-03-24T17:01:25","modified_gmt":"2026-03-24T17:01:25","slug":"cest-fungi-stop-antifungico-para-palomas","status":"publish","type":"product","link":"https:\/\/klnpigeon.com\/index.php\/producto\/cest-fungi-stop-antifungico-para-palomas\/","title":{"rendered":"Cest Fungi Stop &#8211; Antif\u00fangico para Palomas"},"content":{"rendered":"<p>Fungi Stop es para el tratamiento y la prevenci\u00f3n de infecciones f\u00fangicas, incluida la Candida (cultivo agrio), en palomas de carrera y exhibici\u00f3n.\u00a0El tratamiento prolongado con antibi\u00f3ticos, junto con las condiciones ambientales durante las carreras y los entrenamientos, son las principales causas de las infecciones f\u00fangicas.\u00a0El ingrediente activo de Fungi Stops, Nystatin, es uno de los antif\u00fangicos m\u00e1s efectivos disponibles en la actualidad.<\/p>\n<h3>Ingrediente activo<\/h3>\n<p>nistatina<\/p>\n<h3>Dosis e Instrucciones<\/h3>\n<p>5 g (1 cucharadita) por 1 litro (33,8 fl oz) de agua potable durante 5 d\u00edas consecutivos.\u00a0Cambie el agua diariamente.\u00a0Para mejores resultados, util\u00edcelo junto con Amino Forte en el agua.\u00a0<a href=\"#\">Compra aqu\u00ed.\u00a0<\/a><\/p>\n<h3>Tama\u00f1o<\/h3>\n<p>100 g (3,5 onzas) de polvo.<\/p>\n<p><span style=\"color: #ff0000;\">* Descargo de responsabilidad: este producto es solo para aves de compa\u00f1\u00eda.\u00a0No para animales cuya carne o huevos se destinen al consumo humano*<\/span><\/p>\n","protected":false},"excerpt":{"rendered":"<p>Fungi Stop es para el tratamiento y la prevenci\u00f3n de infecciones f\u00fangicas, incluida la Candida (cultivo agrio), en palomas de carrera y exhibici\u00f3n.\u00a0El tratamiento prolongado con antibi\u00f3ticos, junto con las condiciones ambientales durante las carreras y los entrenamientos, son las principales causas de las infecciones f\u00fangicas.\u00a0El ingrediente activo de Fungi Stops, Nystatin, es uno de<\/p>\n<div class=\"klb-readmore button\"><a class=\"btn link\" href=\"https:\/\/klnpigeon.com\/index.php\/producto\/cest-fungi-stop-antifungico-para-palomas\/\">Read More <i class=\"klbth-icon-right-arrow\"><\/i><\/a><\/div>\n","protected":false},"featured_media":4407,"comment_status":"open","ping_status":"closed","template":"","meta":[],"product_cat":[117],"product_tag":[],"class_list":{"0":"post-4406","1":"product","2":"type-product","3":"status-publish","4":"has-post-thumbnail","6":"product_cat-cest-pharma","8":"first","9":"instock","10":"shipping-taxable","11":"purchasable","12":"product-type-simple"},"jetpack_sharing_enabled":true,"_links":{"self":[{"href":"https:\/\/klnpigeon.com\/index.php\/wp-json\/wp\/v2\/product\/4406","targetHints":{"allow":["GET"]}}],"collection":[{"href":"https:\/\/klnpigeon.com\/index.php\/wp-json\/wp\/v2\/product"}],"about":[{"href":"https:\/\/klnpigeon.com\/index.php\/wp-json\/wp\/v2\/types\/product"}],"replies":[{"embeddable":true,"href":"https:\/\/klnpigeon.com\/index.php\/wp-json\/wp\/v2\/comments?post=4406"}],"wp:featuredmedia":[{"embeddable":true,"href":"https:\/\/klnpigeon.com\/index.php\/wp-json\/wp\/v2\/media\/4407"}],"wp:attachment":[{"href":"https:\/\/klnpigeon.com\/index.php\/wp-json\/wp\/v2\/media?parent=4406"}],"wp:term":[{"taxonomy":"product_cat","embeddable":true,"href":"https:\/\/klnpigeon.com\/index.php\/wp-json\/wp\/v2\/product_cat?post=4406"},{"taxonomy":"product_tag","embeddable":true,"href":"https:\/\/klnpigeon.com\/index.php\/wp-json\/wp\/v2\/product_tag?post=4406"}],"curies":[{"name":"wp","href":"https:\/\/api.w.org\/{rel}","templated":true}]}}