{"id":4403,"date":"2023-07-29T22:17:46","date_gmt":"2023-07-29T22:17:46","guid":{"rendered":"https:\/\/klnpigeon.com\/?post_type=product&#038;p=4403"},"modified":"2026-03-24T17:02:14","modified_gmt":"2026-03-24T17:02:14","slug":"cest-yellow-drops-for-pigeons-elimina-hongos-cancros-y-bacterias","status":"publish","type":"product","link":"https:\/\/klnpigeon.com\/index.php\/producto\/cest-yellow-drops-for-pigeons-elimina-hongos-cancros-y-bacterias\/","title":{"rendered":"Cest Yellow Drops for Pigeons &#8211; Elimina hongos, cancros y bacterias"},"content":{"rendered":"<div class=\"product-block-list__item product-block-list__item--description\">\n<div class=\"card\">\n<div class=\"card__section\">\n<div class=\"rte text--pull\">\n<div class=\"module module-text tb_7z8y562\">\n<div class=\"tb_text_wrap\">\n<div class=\"et_pb_module et_pb_text et_pb_text_1 et_pb_text_align_left et_pb_bg_layout_light\">\n<div class=\"et_pb_text_inner\">\n<h5>UNA SOLUCI\u00d3N \u00daNICA A BASE DE ACRIFLAVINA, QUE ELIMINA INSTANT\u00c1NEAMENTE HONGOS, CANCROS Y BACTERIAS EN EL BUCHE Y LAS V\u00cdAS RESPIRATORIAS SUPERIORES.<\/h5>\n<p>Yellow Drops es un producto revolucionario que contiene acriflavina, un ingrediente activo \u00fanico probado para ayudar a eliminar incluso las infecciones f\u00fangicas, cancro y bacterianas m\u00e1s persistentes.\u00a0Las gotas amarillas tambi\u00e9n ayudan a eliminar cualquier polvo o polen presente en el tracto respiratorio que pueda causar inflamaci\u00f3n y alergias.<\/p>\n<p>Las gotas amarillas son de color marr\u00f3n oscuro, lo que mancha la piel y es dif\u00edcil de limpiar.\u00a0Utilizar con precauci\u00f3n.<\/p>\n<h3>Beneficios clave<\/h3>\n<ul>\n<li>Complejo Prevent Trichomonas y Ornitosis<\/li>\n<li>Trata y previene infecciones f\u00fangicas.<\/li>\n<li>Contiene acriflavina, un activo que rara vez se encuentra en otros productos<\/li>\n<li>Elimina el polvo y el polen del tracto respiratorio, lo que ayuda a reducir la inflamaci\u00f3n.<\/li>\n<li>Orgullosamente formulado por veterinarios y probado por colomb\u00f3filos.<\/li>\n<li>Fabricado en Europa con ingredientes de calidad.<\/li>\n<li>Importado<\/li>\n<\/ul>\n<\/div>\n<\/div>\n<\/div>\n<\/div>\n<div class=\"module module-text tb_npbo562\">\n<div class=\"tb_text_wrap\">\n<div class=\"et_pb_module et_pb_text et_pb_text_1 et_pb_text_align_left et_pb_bg_layout_light\">\n<div class=\"et_pb_text_inner\">\n<div class=\"et_pb_column et_pb_column_4_4 et_pb_column_3 et_pb_css_mix_blend_mode_passthrough et-last-child\">\n<div class=\"et_pb_module et_pb_text et_pb_text_2 et_pb_text_align_left et_pb_bg_layout_light\">\n<div class=\"et_pb_text_inner\">\n<h3>Ingrediente activo<\/h3>\n<p>acriflavina<\/p>\n<h3>Dosificaci\u00f3n y administraci\u00f3n<\/h3>\n<p><span class=\"Y2IQFc\" lang=\"en\">1 gota en el pico el d\u00eda del enceste y el d\u00eda de llegada.\u00a0<\/span><\/p>\n<p><span class=\"Y2IQFc\" lang=\"en\">Como preventivo: usar una vez por semana durante todo el a\u00f1o.<\/span><\/p>\n<h3>\u00a0Tama\u00f1o<\/h3>\n<\/div>\n<div class=\"et_pb_text_inner\">100 ml (3,4 onzas l\u00edquidas).<\/div>\n<div class=\"et_pb_text_inner\"><\/div>\n<\/div>\n<\/div>\n<\/div>\n<\/div>\n<\/div>\n<\/div>\n<\/div>\n<\/div>\n<\/div>\n<\/div>\n<div class=\"product-block-list__item product-block-list__item--content\">\n<div class=\"card\">\n<div class=\"card__header\">\n<h2 class=\"card__title heading h3\">Nuestra pol\u00edtica de env\u00edo<\/h2>\n<\/div>\n<div class=\"card__section expandable-content expandable-content--expandable\" aria-expanded=\"true\">\n<div class=\"rte text--pull\">\n<h5><strong>PRIORITY MAIL Y UPS GROUND NO SON SERVICIOS GARANTIZADOS Y NO GARANTIZAN UNA FECHA DE ENTREGA.<\/strong><\/h5>\n<p>Nos esforzamos por enviar todos los art\u00edculos de la manera m\u00e1s eficiente y rentable posible.\u00a0Por favor revise lo siguiente:<\/p>\n<p><strong>Detalles de procesamiento de pedidos<\/strong><\/p>\n<ol>\n<li>El tiempo de procesamiento est\u00e1ndar para pedidos es de 1 a 2 d\u00edas h\u00e1biles<\/li>\n<li>Los pedidos se procesan de lunes a viernes de 8 am a 4 pm CST.\u00a0No operamos ni procesamos env\u00edos los fines de semana, feriados nacionales y despu\u00e9s de las 4:00 p. m. CST<\/li>\n<li>Los pedidos deben realizarse antes de las 3:00 p. m. para que se procesen el mismo d\u00eda (sin embargo, el tama\u00f1o del pedido y la disponibilidad del producto podr\u00edan retrasar esto)<\/li>\n<li>Los pedidos se procesan a medida que se reciben<\/li>\n<\/ol>\n<h3><strong>Mercanc\u00eda da\u00f1ada en tr\u00e1nsito y paquetes perdidos o mal entregados<\/strong><\/h3>\n<p>Hacemos todo lo posible para empaquetar todos los art\u00edculos de la mejor manera posible y tambi\u00e9n verificamos la precisi\u00f3n de los detalles de \u00abEnviar a\u00bb.\u00a0Sin embargo, si recibe alg\u00fan art\u00edculo da\u00f1ado o no recibi\u00f3 su paquete 7 d\u00edas h\u00e1biles despu\u00e9s de que el pedido sali\u00f3 de nuestras instalaciones, env\u00edenos un correo electr\u00f3nico a\u00a0<strong>\u00a0info@birdpalproducts.com\u00a0<\/strong><strong>.\u00a0<\/strong>\u00a0Cada situaci\u00f3n es diferente, por lo que trabajaremos con la mayor diligencia posible para evaluar y resolver su problema.<\/p>\n<\/div>\n<\/div>\n<\/div>\n<\/div>\n","protected":false},"excerpt":{"rendered":"<p>UNA SOLUCI\u00d3N \u00daNICA A BASE DE ACRIFLAVINA, QUE ELIMINA INSTANT\u00c1NEAMENTE HONGOS, CANCROS Y BACTERIAS EN EL BUCHE Y LAS V\u00cdAS RESPIRATORIAS SUPERIORES. Yellow Drops es un producto revolucionario que contiene acriflavina, un ingrediente activo \u00fanico probado para ayudar a eliminar incluso las infecciones f\u00fangicas, cancro y bacterianas m\u00e1s persistentes.\u00a0Las gotas amarillas tambi\u00e9n ayudan a eliminar<\/p>\n<div class=\"klb-readmore button\"><a class=\"btn link\" href=\"https:\/\/klnpigeon.com\/index.php\/producto\/cest-yellow-drops-for-pigeons-elimina-hongos-cancros-y-bacterias\/\">Read More <i class=\"klbth-icon-right-arrow\"><\/i><\/a><\/div>\n","protected":false},"featured_media":4404,"comment_status":"open","ping_status":"closed","template":"","meta":[],"product_cat":[117],"product_tag":[],"class_list":{"0":"post-4403","1":"product","2":"type-product","3":"status-publish","4":"has-post-thumbnail","6":"product_cat-cest-pharma","8":"first","9":"instock","10":"shipping-taxable","11":"purchasable","12":"product-type-simple"},"jetpack_sharing_enabled":true,"_links":{"self":[{"href":"https:\/\/klnpigeon.com\/index.php\/wp-json\/wp\/v2\/product\/4403","targetHints":{"allow":["GET"]}}],"collection":[{"href":"https:\/\/klnpigeon.com\/index.php\/wp-json\/wp\/v2\/product"}],"about":[{"href":"https:\/\/klnpigeon.com\/index.php\/wp-json\/wp\/v2\/types\/product"}],"replies":[{"embeddable":true,"href":"https:\/\/klnpigeon.com\/index.php\/wp-json\/wp\/v2\/comments?post=4403"}],"wp:featuredmedia":[{"embeddable":true,"href":"https:\/\/klnpigeon.com\/index.php\/wp-json\/wp\/v2\/media\/4404"}],"wp:attachment":[{"href":"https:\/\/klnpigeon.com\/index.php\/wp-json\/wp\/v2\/media?parent=4403"}],"wp:term":[{"taxonomy":"product_cat","embeddable":true,"href":"https:\/\/klnpigeon.com\/index.php\/wp-json\/wp\/v2\/product_cat?post=4403"},{"taxonomy":"product_tag","embeddable":true,"href":"https:\/\/klnpigeon.com\/index.php\/wp-json\/wp\/v2\/product_tag?post=4403"}],"curies":[{"name":"wp","href":"https:\/\/api.w.org\/{rel}","templated":true}]}}