{"id":4400,"date":"2023-07-29T22:14:59","date_gmt":"2023-07-29T22:14:59","guid":{"rendered":"https:\/\/klnpigeon.com\/?post_type=product&#038;p=4400"},"modified":"2025-11-16T05:31:51","modified_gmt":"2025-11-16T05:31:51","slug":"tabletas-cest-protein-plus-para-la-produccion-y-reproduccion-muscular","status":"publish","type":"product","link":"https:\/\/klnpigeon.com\/index.php\/producto\/tabletas-cest-protein-plus-para-la-produccion-y-reproduccion-muscular\/","title":{"rendered":"Tabletas Cest Protein Plus &#8211; Para la producci\u00f3n y reproducci\u00f3n muscular"},"content":{"rendered":"<div class=\"product-block-list__item product-block-list__item--description\">\n<div class=\"card\">\n<div class=\"card__section\">\n<div class=\"rte text--pull\">\n<h5 class=\"module module-text tb_jjfn732\">LA \u00daNICA TABLETA DE PROTE\u00cdNAS DEL MUNDO IDEAL PARA LA PRODUCCI\u00d3N MUSCULAR, LA RECUPERACI\u00d3N, LA REDUCCI\u00d3N DE LA FATIGA Y EL DESARROLLO DE AVES J\u00d3VENES.<\/h5>\n<div class=\"module module-text tb_jjfn732\">\n<div class=\"tb_text_wrap\">\n<div class=\"et_pb_module et_pb_text et_pb_text_1 et_pb_text_align_left et_pb_bg_layout_light\">\n<div class=\"et_pb_text_inner\">\n<p>Protein Plus Tablets es la \u00faltima formulaci\u00f3n de Cest Pharma que asegura\u00a0<em><strong>una r\u00e1pida recuperaci\u00f3n de la masa muscular, detiene la producci\u00f3n de \u00e1cido l\u00e1ctico, reduce la fatiga, reduce la inflamaci\u00f3n y el dolor, aumenta la inmunidad y disminuye el riesgo de enfermedades y mejora la digesti\u00f3n, aumenta el flujo sangu\u00edneo, y por lo tanto la capacidad del cuerpo para ejercer esfuerzo.\u00a0<\/strong><\/em>\u00a0Protein Plus Tabs permitir\u00e1 la reintegraci\u00f3n inmediata de las palomas en la competencia.<\/p>\n<p>Adem\u00e1s, las tabletas Protein Plus son una excelente dosis individual de prote\u00edna, calostro, vitaminas y minerales para las aves j\u00f3venes que se desarrollan y crecen en el nido.\u00a0No m\u00e1s adivinar cu\u00e1nta prote\u00edna agregar a su dieta o esperar que los adultos los alimenten lo suficiente para estimular el r\u00e1pido desarrollo esquel\u00e9tico y muscular.<\/p>\n<h3>Beneficios clave<\/h3>\n<ul>\n<li>La tabla de prote\u00ednas perfecta para administrar individualmente a las aves de tu equipo de carrera<\/li>\n<li>Promover el r\u00e1pido desarrollo muscular y la recuperaci\u00f3n.<\/li>\n<li>Reduce la producci\u00f3n de \u00e1cido l\u00e1ctico, que dificulta el rendimiento y la resistencia.<\/li>\n<li>Aumenta el flujo sangu\u00edneo en el sistema circulatorio.<\/li>\n<li>La tableta definitiva para p\u00e1jaros j\u00f3venes ya que contiene todos los ingredientes que necesitan para un r\u00e1pido desarrollo.<\/li>\n<li>Se puede administrar durante la temporada de muda para una p\u00e9rdida y un crecimiento continuos de las plumas.<\/li>\n<li>Desarrollado y probado por colomb\u00f3filos<\/li>\n<li>Hecho en Europa<\/li>\n<li>Importado<\/li>\n<\/ul>\n<\/div>\n<\/div>\n<\/div>\n<\/div>\n<div class=\"module module-text tb_4ffp733\">\n<div class=\"tb_text_wrap\">\n<div class=\"et_pb_module et_pb_text et_pb_text_1 et_pb_text_align_left et_pb_bg_layout_light\">\n<div class=\"et_pb_text_inner\">\n<div class=\"et_pb_column et_pb_column_4_4 et_pb_column_3 et_pb_css_mix_blend_mode_passthrough et-last-child\">\n<div class=\"et_pb_module et_pb_text et_pb_text_2 et_pb_text_align_left et_pb_bg_layout_light\">\n<div class=\"et_pb_text_inner\">\n<h3><b>Ingredientes (por tableta)<\/b><\/h3>\n<p><strong>Concentrado de prote\u00edna:\u00a0<\/strong>\u00a0prote\u00edna de soya, prote\u00edna de suero, calostro (fuente de carne de res), polvo de alfalfa;<br \/>\nMicroorganismos probi\u00f3ticos: levadura de cerveza;<\/p>\n<p><strong>Aditivos nutricionales:\u00a0<\/strong>\u00a0Sulfato de D-Glucosamina 2KCL, Metil Sulfonil Metano, Condroitina Bovina, Complejo DHA<\/p>\n<p><strong>Minerales:\u00a0<\/strong>\u00a0quelato de hierro, quelato de glicinato de zinc, citrato de magnesio<\/p>\n<p><strong>Vitaminas:\u00a0<\/strong>\u00a0vitamina C (\u00e1cido asc\u00f3rbico) (E300), vitamina E (acetato de tocoferilo alfa DL), vitamina B6 (piridoxina HCl), vitamina B1 (tiamina HCl), vitamina B12 (cianocobalamina)<\/p>\n<p><strong>Amino\u00e1cidos:\u00a0<\/strong>\u00a0Dl-Metionina, L-Ciste\u00edna HCL, L-Lisina monoclorhidrato, L-Leucina, L-Isoleucina, L-Valina, L-Arginina<\/p>\n<h3><b>Recomendaciones de dosificaci\u00f3n<\/b><\/h3>\n<p><strong>Durante la temporada de carreras:<\/strong>\u00a01-2 tabletas por paloma al regresar de una carrera.<\/p>\n<p><strong>Preparaci\u00f3n para la carrera:<\/strong>\u00a0\u00a01 comprimido diario antes y despu\u00e9s del entrenamiento.<\/p>\n<p><strong>Para j\u00f3venes:<\/strong>\u00a0\u00a0durante los per\u00edodos de crecimiento y desarrollo muscular, 1 comprimido al d\u00eda.<\/p>\n<p><strong>Durante los periodos de cubrici\u00f3n y muda:<\/strong>\u00a0\u00a01 comprimido por ave, 2-3 veces por semana.<\/p>\n<h3>Tama\u00f1o<\/h3>\n<p>90 comprimidos (3 x 30 blisters)<\/p>\n<\/div>\n<\/div>\n<\/div>\n<\/div>\n<\/div>\n<\/div>\n<\/div>\n<\/div>\n<\/div>\n<\/div>\n<\/div>\n<div class=\"product-block-list__item product-block-list__item--content\">\n<div class=\"card\">\n<div class=\"card__header\">\n<h2 class=\"card__title heading h3\">Nuestra pol\u00edtica de env\u00edo<\/h2>\n<\/div>\n<div class=\"card__section expandable-content expandable-content--expandable\" aria-expanded=\"true\">\n<div class=\"rte text--pull\">\n<h5><strong>PRIORITY MAIL Y UPS GROUND NO SON SERVICIOS GARANTIZADOS Y NO GARANTIZAN UNA FECHA DE ENTREGA.<\/strong><\/h5>\n<p>Nos esforzamos por enviar todos los art\u00edculos de la manera m\u00e1s eficiente y rentable posible.\u00a0Por favor revise lo siguiente:<\/p>\n<p><strong>Detalles de procesamiento de pedidos<\/strong><\/p>\n<ol>\n<li>El tiempo de procesamiento est\u00e1ndar para pedidos es de 1 a 2 d\u00edas h\u00e1biles<\/li>\n<li>Los pedidos se procesan de lunes a viernes de 8 am a 4 pm CST.\u00a0No operamos ni procesamos env\u00edos los fines de semana, feriados nacionales y despu\u00e9s de las 4:00 p. m. CST<\/li>\n<li>Los pedidos deben realizarse antes de las 3:00 p. m. para que se procesen el mismo d\u00eda (sin embargo, el tama\u00f1o del pedido y la disponibilidad del producto podr\u00edan retrasar esto)<\/li>\n<li>Los pedidos se procesan a medida que se reciben<\/li>\n<\/ol>\n<h3><strong>Mercanc\u00eda da\u00f1ada en tr\u00e1nsito y paquetes perdidos o mal entregados<\/strong><\/h3>\n<p>Hacemos todo lo posible para empaquetar todos los art\u00edculos de la mejor manera posible y tambi\u00e9n verificamos la precisi\u00f3n de los detalles de \u00abEnviar a\u00bb.\u00a0Sin embargo, si recibe alg\u00fan art\u00edculo da\u00f1ado o no recibi\u00f3 su paquete 7 d\u00edas h\u00e1biles despu\u00e9s de que el pedido sali\u00f3 de nuestras instalaciones, env\u00edenos un correo electr\u00f3nico a\u00a0<strong>\u00a0info@birdpalproducts.com\u00a0<\/strong><strong>.\u00a0<\/strong>\u00a0Cada situaci\u00f3n es diferente, por lo que trabajaremos con la mayor diligencia posible para evaluar y resolver su problema.<\/p>\n<\/div>\n<\/div>\n<\/div>\n<\/div>\n","protected":false},"excerpt":{"rendered":"<p>LA \u00daNICA TABLETA DE PROTE\u00cdNAS DEL MUNDO IDEAL PARA LA PRODUCCI\u00d3N MUSCULAR, LA RECUPERACI\u00d3N, LA REDUCCI\u00d3N DE LA FATIGA Y EL DESARROLLO DE AVES J\u00d3VENES. Protein Plus Tablets es la \u00faltima formulaci\u00f3n de Cest Pharma que asegura\u00a0una r\u00e1pida recuperaci\u00f3n de la masa muscular, detiene la producci\u00f3n de \u00e1cido l\u00e1ctico, reduce la fatiga, reduce la inflamaci\u00f3n<\/p>\n<div class=\"klb-readmore button\"><a class=\"btn link\" href=\"https:\/\/klnpigeon.com\/index.php\/producto\/tabletas-cest-protein-plus-para-la-produccion-y-reproduccion-muscular\/\">Read More <i class=\"klbth-icon-right-arrow\"><\/i><\/a><\/div>\n","protected":false},"featured_media":4401,"comment_status":"open","ping_status":"closed","template":"","meta":[],"product_cat":[117],"product_tag":[],"class_list":{"0":"post-4400","1":"product","2":"type-product","3":"status-publish","4":"has-post-thumbnail","6":"product_cat-cest-pharma","8":"first","9":"outofstock","10":"shipping-taxable","11":"purchasable","12":"product-type-simple"},"jetpack_sharing_enabled":true,"_links":{"self":[{"href":"https:\/\/klnpigeon.com\/index.php\/wp-json\/wp\/v2\/product\/4400","targetHints":{"allow":["GET"]}}],"collection":[{"href":"https:\/\/klnpigeon.com\/index.php\/wp-json\/wp\/v2\/product"}],"about":[{"href":"https:\/\/klnpigeon.com\/index.php\/wp-json\/wp\/v2\/types\/product"}],"replies":[{"embeddable":true,"href":"https:\/\/klnpigeon.com\/index.php\/wp-json\/wp\/v2\/comments?post=4400"}],"wp:featuredmedia":[{"embeddable":true,"href":"https:\/\/klnpigeon.com\/index.php\/wp-json\/wp\/v2\/media\/4401"}],"wp:attachment":[{"href":"https:\/\/klnpigeon.com\/index.php\/wp-json\/wp\/v2\/media?parent=4400"}],"wp:term":[{"taxonomy":"product_cat","embeddable":true,"href":"https:\/\/klnpigeon.com\/index.php\/wp-json\/wp\/v2\/product_cat?post=4400"},{"taxonomy":"product_tag","embeddable":true,"href":"https:\/\/klnpigeon.com\/index.php\/wp-json\/wp\/v2\/product_tag?post=4400"}],"curies":[{"name":"wp","href":"https:\/\/api.w.org\/{rel}","templated":true}]}}