{"id":4378,"date":"2023-07-29T21:42:48","date_gmt":"2023-07-29T21:42:48","guid":{"rendered":"https:\/\/klnpigeon.com\/?post_type=product&#038;p=4378"},"modified":"2026-03-24T17:04:29","modified_gmt":"2026-03-24T17:04:29","slug":"cest-impact-tonico-de-alta-energia-para-carreras-y-cria-de-palomas","status":"publish","type":"product","link":"https:\/\/klnpigeon.com\/index.php\/producto\/cest-impact-tonico-de-alta-energia-para-carreras-y-cria-de-palomas\/","title":{"rendered":"Cest Impact- T\u00f3nico de alta energ\u00eda para carreras y cr\u00eda de palomas"},"content":{"rendered":"<h5>IMPACT ES EL PRODUCTO QUE REVOLUCIONA LAS CARRERAS Y AYUDA A LAS PALOMAS A AUMENTAR EXPONENCIALMENTE SU VELOCIDAD<\/h5>\n<p>IMPACT es un\u00a0\u00a0t\u00f3nico poderoso y de alta energ\u00eda que contiene una mezcla compleja de yodo absorbible, hierro activo, zinc, vitamina C, B6 y B12.\u00a0<strong>Cest Impact optimiza el nivel de ox\u00edgeno en el torrente sangu\u00edneo y amplifica el metabolismo, aumentando as\u00ed la producci\u00f3n de la energ\u00eda necesaria durante los vuelos.<\/strong><\/p>\n<p>La salud de sus palomas mejorar\u00e1 significativamente debido a la ingesta de yodo y hierro, que se absorben f\u00e1cilmente.\u00a0IMPACT tambi\u00e9n aumenta la vitalidad y el rendimiento en las carreras, la reproducci\u00f3n y la muda.<\/p>\n<p><em><strong>Las fosas nasales se vuelven blancas, los ojos brillantes, el pecho rosado, el plumaje brillante, las patas c\u00e1lidas, \u00a1as\u00ed que las palomas vuelan m\u00e1s r\u00e1pido!<\/strong><\/em><\/p>\n<p><strong>Beneficios del producto<\/strong><\/p>\n<ul>\n<li>Contiene yodo l\u00edquido, hierro, sulfato de zinc y vitaminas B-2 y B-12 para aumentar el rendimiento y la recuperaci\u00f3n.<\/li>\n<li>Entra r\u00e1pidamente en el torrente sangu\u00edneo y optimiza los niveles de ox\u00edgeno<\/li>\n<li>Ideal para carreras, cr\u00eda y mantenimiento general.<\/li>\n<li>Fortalece la resistencia natural de las palomas.<\/li>\n<li>Promueve la funci\u00f3n de la gl\u00e1ndula tiroides<\/li>\n<li>Estimula el metabolismo<\/li>\n<li>Purga la sangre<\/li>\n<li>Produce una piel rosada y limpia.<\/li>\n<li>Las aves parecen sentirse m\u00e1s flotantes<\/li>\n<li>Producto de calidad fabricado en Europa.<\/li>\n<li>Importado<\/li>\n<\/ul>\n<h3>Ingredientes activos<\/h3>\n<p><span class=\"Y2IQFc\" lang=\"en\">Yodo, yoduro de potasio, sulfato de hierro, sulfato de zinc, vitamina C, vitamina B2 (riboflavina), vitamina B6, vitamina B12.<\/span><\/p>\n<h3>Instrucciones de uso<\/h3>\n<p><strong>Racing:<\/strong>\u00a0\u00a05 ml (1 cucharadita) en 3 litros (100 fl oz) 3 o 4 veces por semana.\u00a0En per\u00edodos c\u00e1lidos, aumente la tasa de diluci\u00f3n a 5 ml por cada 5 litros (1,3 galones) de agua potable<\/p>\n<p><strong>Muda, Cr\u00eda y Fuera de Temporada:<\/strong>\u00a0\u00a05 ml por 5 litros (1,3 galones) de agua de bebida 1 o 2 veces por semana.<\/p>\n<h3>Tama\u00f1os disponibles<\/h3>\n<p>100 ml (3,4 onzas l\u00edquidas) y 250 ml (8,5 onzas l\u00edquidas)<\/p>\n<p><strong>Advertencia:\u00a0Evite el contacto con los ojos y la boca.\u00a0P\u00a0or favor, mant\u00e9ngalo alejado de la ropa y los materiales porosos, ya que el yodo puede manchar.\u00a0Mantener alejado de los ni\u00f1os y otras mascotas.<\/strong><\/p>\n","protected":false},"excerpt":{"rendered":"<p>&nbsp;<\/p>\n<p>&nbsp;<\/p>\n","protected":false},"featured_media":4380,"comment_status":"open","ping_status":"closed","template":"","meta":[],"product_cat":[117],"product_tag":[],"class_list":{"0":"post-4378","1":"product","2":"type-product","3":"status-publish","4":"has-post-thumbnail","6":"product_cat-cest-pharma","8":"first","9":"instock","10":"shipping-taxable","11":"purchasable","12":"product-type-variable"},"jetpack_sharing_enabled":true,"_links":{"self":[{"href":"https:\/\/klnpigeon.com\/index.php\/wp-json\/wp\/v2\/product\/4378","targetHints":{"allow":["GET"]}}],"collection":[{"href":"https:\/\/klnpigeon.com\/index.php\/wp-json\/wp\/v2\/product"}],"about":[{"href":"https:\/\/klnpigeon.com\/index.php\/wp-json\/wp\/v2\/types\/product"}],"replies":[{"embeddable":true,"href":"https:\/\/klnpigeon.com\/index.php\/wp-json\/wp\/v2\/comments?post=4378"}],"wp:featuredmedia":[{"embeddable":true,"href":"https:\/\/klnpigeon.com\/index.php\/wp-json\/wp\/v2\/media\/4380"}],"wp:attachment":[{"href":"https:\/\/klnpigeon.com\/index.php\/wp-json\/wp\/v2\/media?parent=4378"}],"wp:term":[{"taxonomy":"product_cat","embeddable":true,"href":"https:\/\/klnpigeon.com\/index.php\/wp-json\/wp\/v2\/product_cat?post=4378"},{"taxonomy":"product_tag","embeddable":true,"href":"https:\/\/klnpigeon.com\/index.php\/wp-json\/wp\/v2\/product_tag?post=4378"}],"curies":[{"name":"wp","href":"https:\/\/api.w.org\/{rel}","templated":true}]}}