{"id":3553,"date":"2022-11-01T08:43:10","date_gmt":"2022-11-01T08:43:10","guid":{"rendered":"https:\/\/klbtheme.com\/partdo\/?page_id=3553"},"modified":"2023-08-04T00:40:34","modified_gmt":"2023-08-04T00:40:34","slug":"politica-de-reembolso-y-devoluciones","status":"publish","type":"page","link":"https:\/\/klnpigeon.com\/index.php\/politica-de-reembolso-y-devoluciones\/","title":{"rendered":"Pol\u00edtica de reembolso y devoluciones"},"content":{"rendered":"\t\t<div data-elementor-type=\"wp-page\" data-elementor-id=\"3553\" class=\"elementor elementor-3553\" data-elementor-post-type=\"page\">\n\t\t\t\t\t\t<section class=\"elementor-section elementor-top-section elementor-element elementor-element-f652e24 elementor-section-boxed elementor-section-height-default elementor-section-height-default\" data-id=\"f652e24\" data-element_type=\"section\">\n\t\t\t\t\t\t<div class=\"elementor-container elementor-column-gap-extended\">\n\t\t\t\t\t<div class=\"elementor-column elementor-col-100 elementor-top-column elementor-element elementor-element-eddfb85\" data-id=\"eddfb85\" data-element_type=\"column\">\n\t\t\t<div class=\"elementor-widget-wrap elementor-element-populated\">\n\t\t\t\t\t\t<div class=\"elementor-element elementor-element-8ef4c3c elementor-widget elementor-widget-text-editor\" data-id=\"8ef4c3c\" data-element_type=\"widget\" data-widget_type=\"text-editor.default\">\n\t\t\t\t<div class=\"elementor-widget-container\">\n\t\t\t<style>\/*! elementor - v3.23.0 - 25-07-2024 *\/\n.elementor-widget-text-editor.elementor-drop-cap-view-stacked .elementor-drop-cap{background-color:#69727d;color:#fff}.elementor-widget-text-editor.elementor-drop-cap-view-framed .elementor-drop-cap{color:#69727d;border:3px solid;background-color:transparent}.elementor-widget-text-editor:not(.elementor-drop-cap-view-default) .elementor-drop-cap{margin-top:8px}.elementor-widget-text-editor:not(.elementor-drop-cap-view-default) .elementor-drop-cap-letter{width:1em;height:1em}.elementor-widget-text-editor .elementor-drop-cap{float:left;text-align:center;line-height:1;font-size:50px}.elementor-widget-text-editor .elementor-drop-cap-letter{display:inline-block}<\/style>\t\t\t\t<p><!-- \/wp:paragraph --><!-- wp:paragraph --><\/p>\n<h2>Pol\u00edtica de devoluciones y reembolsos:<\/h2>\n<p><!-- \/wp:paragraph --><!-- wp:paragraph --><\/p>\n<p>Tienes derecho a cancelar tu pedido dentro de los 30 d\u00edas sin dar ninguna raz\u00f3n para hacerlo.<\/p>\n<p>El plazo para anular un pedido es de 30 d\u00edas a partir de la fecha en que recibiste la mercanc\u00eda o en el que un tercero que hayas designado, que no sea el transportista, tome posesi\u00f3n del producto entregado.<\/p>\n<p>Para ejercer tu derecho de cancelaci\u00f3n, debes informarnos de tu decisi\u00f3n mediante una declaraci\u00f3n clara.<\/p>\n<p>Puedes informarnos por el correo electr\u00f3nico info@klnpigeon.com<\/p>\n<p>Te reembolsaremos a m\u00e1s tardar en 30 d\u00edas a partir del d\u00eda en que recibamos los bienes devueltos. Usaremos el mismo medio de pago que utilizaste para el pedido y no incurrir\u00e1s en ning\u00fan cargo por dicho reembolso.<\/p>\n<p><!-- \/wp:list --><!-- wp:paragraph --><\/p>\n<h2>\u00a0<\/h2>\n<h2>Condiciones para devoluciones:<\/h2>\n<p><!-- \/wp:paragraph --><!-- wp:paragraph --><\/p>\n<p>Para que los bienes sean elegibles para una devoluci\u00f3n, aseg\u00farate de que:<\/p>\n<ul>\n<li>Se compraron en los \u00faltimos 30 d\u00edas.<\/li>\n<li>Est\u00e1n en el embalaje original.<\/li>\n<\/ul>\n<p>Los siguientes bienes no se pueden devolver:<\/p>\n<ul>\n<li>El suministro de bienes hecho seg\u00fan tus especificaciones o claramente personalizado.<\/li>\n<li>El suministro de bienes que por su naturaleza no son aptos para ser devueltos, por ejemplo bienes que se deterioran r\u00e1pidamente o cuya fecha de caducidad ha terminado.<\/li>\n<li>El suministro de bienes que no son aptos para devoluci\u00f3n por razones de protecci\u00f3n de la salud o higiene y que se abrieron despu\u00e9s de la entrega.<\/li>\n<li>El suministro de bienes que, despu\u00e9s de la entrega, seg\u00fan su naturaleza, se mezclan inseparablemente con otros art\u00edculos.<\/li>\n<\/ul>\n<p>Nos reservamos el derecho de rechazar devoluciones de cualquier mercanc\u00eda que no cumpla con las condiciones de devoluci\u00f3n anteriores a nuestro exclusivo criterio.<\/p>\n<p><!-- \/wp:paragraph --><!-- wp:paragraph --><\/p>\n<h2>Devoluci\u00f3n de bienes<\/h2>\n<p><!-- \/wp:paragraph --><!-- wp:paragraph --><\/p>\n<p>Eres responsable del costo y riesgo de devolvernos los bienes. Debes enviar los productos a la siguiente direcci\u00f3n:<\/p>\n<p>3314 nw 5th terr Cape Coral fl 3993<\/p>\n<p>No nos hacemos responsables de los bienes da\u00f1ados o perdidos en el env\u00edo de devoluci\u00f3n. Por lo tanto, recomendamos un servicio de correo asegurado y rastreable. No podemos emitir un reembolso sin la recepci\u00f3n real de los bienes o la prueba de la devoluci\u00f3n recibida.<\/p>\n<p><!-- \/wp:paragraph --><!-- wp:paragraph --><\/p>\n<h2>Regalos:<\/h2>\n<p><!-- \/wp:paragraph --><!-- wp:paragraph --><\/p>\n<p>Si los productos se marcaron como regalo cuando se compraron y luego te los enviaron directamente, recibir\u00e1s un cr\u00e9dito de regalo por el valor de tu devoluci\u00f3n. Una vez que se reciba el producto devuelto, se te enviar\u00e1 por correo un certificado de regalo.<\/p>\n<p>Si los productos no se marcaron como regalo cuando se compraron, o si el obsequiador se envi\u00f3 el pedido a s\u00ed mismo para entreg\u00e1rtelo luego, le enviaremos el reembolso al obsequiador.<\/p>\n<p><!-- \/wp:paragraph --><!-- wp:paragraph --><\/p>\n<h2>\u00a0<\/h2>\n<h2>Cont\u00e1ctanos<\/h2>\n<p><!-- \/wp:paragraph --><!-- wp:paragraph --><\/p>\n<p>Si tienes alguna pregunta sobre nuestra Pol\u00edtica de devoluciones y reembolsos, comun\u00edcate con nosotros por el correo electr\u00f3nico info@klnpigeon.com<\/p>\t\t\t\t\t\t<\/div>\n\t\t\t\t<\/div>\n\t\t\t\t\t<\/div>\n\t\t<\/div>\n\t\t\t\t\t<\/div>\n\t\t<\/section>\n\t\t\t\t<\/div>\n\t\t","protected":false},"excerpt":{"rendered":"<p>Pol\u00edtica de devoluciones y reembolsos: Tienes derecho a cancelar tu pedido dentro de los 30 d\u00edas sin dar ninguna raz\u00f3n para hacerlo. El plazo para anular un pedido es de 30 d\u00edas a partir de la fecha en que recibiste la mercanc\u00eda o en el que un tercero que hayas designado, que no sea el<\/p>\n<div class=\"klb-readmore button\"><a class=\"btn link\" href=\"https:\/\/klnpigeon.com\/index.php\/politica-de-reembolso-y-devoluciones\/\">Read More <i class=\"klbth-icon-right-arrow\"><\/i><\/a><\/div>\n","protected":false},"author":1,"featured_media":0,"parent":0,"menu_order":0,"comment_status":"closed","ping_status":"closed","template":"","meta":{"footnotes":""},"class_list":["post-3553","page","type-page","status-publish","hentry"],"jetpack_sharing_enabled":true,"_links":{"self":[{"href":"https:\/\/klnpigeon.com\/index.php\/wp-json\/wp\/v2\/pages\/3553","targetHints":{"allow":["GET"]}}],"collection":[{"href":"https:\/\/klnpigeon.com\/index.php\/wp-json\/wp\/v2\/pages"}],"about":[{"href":"https:\/\/klnpigeon.com\/index.php\/wp-json\/wp\/v2\/types\/page"}],"author":[{"embeddable":true,"href":"https:\/\/klnpigeon.com\/index.php\/wp-json\/wp\/v2\/users\/1"}],"replies":[{"embeddable":true,"href":"https:\/\/klnpigeon.com\/index.php\/wp-json\/wp\/v2\/comments?post=3553"}],"version-history":[{"count":4,"href":"https:\/\/klnpigeon.com\/index.php\/wp-json\/wp\/v2\/pages\/3553\/revisions"}],"predecessor-version":[{"id":4745,"href":"https:\/\/klnpigeon.com\/index.php\/wp-json\/wp\/v2\/pages\/3553\/revisions\/4745"}],"wp:attachment":[{"href":"https:\/\/klnpigeon.com\/index.php\/wp-json\/wp\/v2\/media?parent=3553"}],"curies":[{"name":"wp","href":"https:\/\/api.w.org\/{rel}","templated":true}]}}